{"id":483,"date":"2016-06-03T11:14:19","date_gmt":"2016-06-03T11:14:19","guid":{"rendered":"http:\/\/moments.select-themes.com\/?page_id=483"},"modified":"2020-02-12T14:14:27","modified_gmt":"2020-02-12T14:14:27","slug":"about-us","status":"publish","type":"page","link":"http:\/\/www.skowronphotography.pl\/?page_id=483","title":{"rendered":"O mnie"},"content":{"rendered":"<p>[vc_row content_aligment=&#8221;center&#8221; css=&#8221;.vc_custom_1464959044750{padding-top: 110px !important;padding-bottom: 65px !important;}&#8221;][vc_column][vc_column_text]<\/p>\n<h2 style=\"text-align: center;\">Witajcie,<\/h2>\n<h2 style=\"text-align: center;\">Cieszymy si\u0119, \u017ce do mnie trafili\u015bcie!<\/h2>\n<p>[\/vc_column_text][vc_empty_space height=&#8221;16px&#8221;][\/vc_column][\/vc_row][vc_row][vc_column width=&#8221;1\/6&#8243;][\/vc_column][vc_column width=&#8221;2\/6&#8243;][vc_single_image image=&#8221;4086&#8243; img_size=&#8221;large&#8221;][\/vc_column][vc_column width=&#8221;2\/6&#8243;][vc_column_text]Fotografia \u015blubna to historia\u2026 o mi\u0142o\u015bci, blisko\u015bci, uczuciach, ale przede wszystkim \u2013 dla mnie to ludzie.<br \/>\nTo Wy i Wasi go\u015bcie tworzycie t\u0105 histori\u0105.<br \/>\nWykonuj\u0105c fotografi\u0119 w Waszym najwa\u017cniejszym dniu mam szans\u0119 uchwycenia Waszego szcz\u0119\u015bcia w formie reporta\u017cu \u015blubnego[\/vc_column_text][vc_empty_space height=&#8221;16px&#8221;][vc_column_text]Fotografuj\u0119 bez ingerencji w bieg uroczysto\u015bci. Pracujemy szybko, pozostaj\u0105c w cieniu uroczysto\u015bci bo to Wy i Wasi go\u015bcie jeste\u015bcie najwa\u017cniejsi.[\/vc_column_text][vc_empty_space height=&#8221;16px&#8221;][vc_column_text]Pozw\u00f3lcie mi zadba\u0107 o Wasze wspomnienia, do kt\u00f3rych b\u0119dziecie wraca\u0107 i ponownie prze\u017cywa\u0107 jedne z najpi\u0119kniejszych moment\u00f3w Waszego wsp\u00f3lnego \u017cycia.[\/vc_column_text][vc_empty_space height=&#8221;16px&#8221;][vc_column_text]Ufam, \u017ce fotografie znacz\u0105 wi\u0119cej ni\u017c s\u0142owa dlatego zapraszam Was do obejrzenia mojego\u00a0<a href=\"http:\/\/www.skowronphotography.pl\/?page_id=2518\">portfolio<\/a>.[\/vc_column_text][vc_empty_space height=&#8221;16px&#8221;][vc_column_text]Ch\u0119tnie poznam Was i wasze marzenia dotycz\u0105ce Tego Dnia. Zapraszam serdecznie na spotkanie, na kt\u00f3rym odpowiem na wszystkie Wasze pytania i lepiej si\u0119 poznamy :)[\/vc_column_text][vc_empty_space height=&#8221;16px&#8221;]<a itemprop=\"url\" href=\"http:\/\/www.skowronphotography.pl\/?page_id=1295\" target=\"_self\"  class=\"qodef-btn qodef-btn-medium qodef-btn-outline\"  >\n    <span class=\"qodef-btn-text\">UM\u00d3WMY SI\u0118 NA KAW\u0118<\/span>\n    <\/a>[vc_empty_space height=&#8221;16px&#8221;][\/vc_column][vc_column width=&#8221;1\/6&#8243;][\/vc_column][\/vc_row]<\/p>\n","protected":false},"excerpt":{"rendered":"<p>[vc_row content_aligment=&#8221;center&#8221; css=&#8221;.vc_custom_1464959044750{padding-top: 110px !important;padding-bottom: 65px !important;}&#8221;][vc_column][vc_column_text] Witajcie, Cieszymy si\u0119, \u017ce do mnie trafili\u015bcie! [\/vc_column_text][vc_empty_space height=&#8221;16px&#8221;][\/vc_column][\/vc_row][vc_row][vc_column width=&#8221;1\/6&#8243;][\/vc_column][vc_column width=&#8221;2\/6&#8243;][vc_single_image image=&#8221;4086&#8243; img_size=&#8221;large&#8221;][\/vc_column][vc_column width=&#8221;2\/6&#8243;][vc_column_text]Fotografia \u015blubna to historia\u2026 o mi\u0142o\u015bci, blisko\u015bci, uczuciach, ale przede wszystkim \u2013 dla mnie to ludzie. To Wy i Wasi go\u015bcie tworzycie t\u0105 histori\u0105. Wykonuj\u0105c fotografi\u0119 w Waszym najwa\u017cniejszym dniu mam szans\u0119 uchwycenia Waszego szcz\u0119\u015bcia w formie reporta\u017cu \u015blubnego[\/vc_column_text][vc_empty_space height=&#8221;16px&#8221;][vc_column_text]Fotografuj\u0119 bez ingerencji w bieg uroczysto\u015bci. Pracujemy szybko, pozostaj\u0105c w cieniu uroczysto\u015bci bo to Wy i Wasi go\u015bcie jeste\u015bcie najwa\u017cniejsi.[\/vc_column_text][vc_empty_space height=&#8221;16px&#8221;][vc_column_text]Pozw\u00f3lcie mi zadba\u0107 o Wasze wspomnienia, do kt\u00f3rych b\u0119dziecie wraca\u0107 i&#8230;<\/p>\n","protected":false},"author":1,"featured_media":0,"parent":0,"menu_order":0,"comment_status":"closed","ping_status":"closed","template":"full-width.php","meta":[],"_links":{"self":[{"href":"http:\/\/www.skowronphotography.pl\/index.php?rest_route=\/wp\/v2\/pages\/483"}],"collection":[{"href":"http:\/\/www.skowronphotography.pl\/index.php?rest_route=\/wp\/v2\/pages"}],"about":[{"href":"http:\/\/www.skowronphotography.pl\/index.php?rest_route=\/wp\/v2\/types\/page"}],"author":[{"embeddable":true,"href":"http:\/\/www.skowronphotography.pl\/index.php?rest_route=\/wp\/v2\/users\/1"}],"replies":[{"embeddable":true,"href":"http:\/\/www.skowronphotography.pl\/index.php?rest_route=%2Fwp%2Fv2%2Fcomments&post=483"}],"version-history":[{"count":13,"href":"http:\/\/www.skowronphotography.pl\/index.php?rest_route=\/wp\/v2\/pages\/483\/revisions"}],"predecessor-version":[{"id":4088,"href":"http:\/\/www.skowronphotography.pl\/index.php?rest_route=\/wp\/v2\/pages\/483\/revisions\/4088"}],"wp:attachment":[{"href":"http:\/\/www.skowronphotography.pl\/index.php?rest_route=%2Fwp%2Fv2%2Fmedia&parent=483"}],"curies":[{"name":"wp","href":"https:\/\/api.w.org\/{rel}","templated":true}]}}