{"id":3821,"date":"2018-10-14T19:02:40","date_gmt":"2018-10-14T19:02:40","guid":{"rendered":"http:\/\/www.skowronphotography.pl\/?page_id=3821"},"modified":"2018-10-18T11:03:38","modified_gmt":"2018-10-18T11:03:38","slug":"polityka-prywatnosci","status":"publish","type":"page","link":"http:\/\/www.skowronphotography.pl\/?page_id=3821","title":{"rendered":"Polityka prywatno\u015bci"},"content":{"rendered":"<p>[vc_row][vc_column][vc_column_text]<\/p>\n<h2 style=\"text-align: center;\">POLITYKA PRYWATNO\u015aCI I CIASTECZKA<\/h2>\n<p>[\/vc_column_text][vc_column_text]<strong>Polityka Prywatno\u015bci<\/strong><br \/>\nAdministratorem danych jest \u0141ukasz Skowron NIP 2220696950<br \/>\nDane osobowe s\u0105 przetwarzane zgodnie z przepisami Rozporz\u0105dzenia Parlamentu Europejskiego i Rady (UE) 2016\/679 z dnia 27 kwietnia 2016 r.<\/p>\n<p>\u0141ukasz Skowron przetwarza dane osobowe odwiedzaj\u0105cych Serwis, w celu prawid\u0142owej komunikacji z klientem. Co oznacza, \u017ce dane te s\u0105 potrzebne do przygotowania spersonalizowanej oferty. Ochrona informacji dotycz\u0105cych U\u017cytkownik\u00f3w naszego Serwisu jest dla nas spraw\u0105 najwy\u017cszej wagi, w zwi\u0105zku z tym dok\u0142adamy najwy\u017cszych stara\u0144, aby\u015bcie czuli si\u0119 bezpiecznie powierzaj\u0105c nam swoje dane osobowe przy korzystaniu z naszej strony. Niniejsza polityka prywatno\u015bci wyja\u015bnia zasady i zakres przetwarzania przez nas waszych danych osobowych, przys\u0142uguj\u0105ce wam prawa i nasze obowi\u0105zki jako administratora danych.<br \/>\nStosujemy nowoczesne \u015brodki techniczne i rozwi\u0105zania organizacyjne zapewniaj\u0105ce wysoki poziom ochrony przetwarzanych danych osobowych i zabezpieczenia ich przed dost\u0119pem os\u00f3b nieupowa\u017cnionych.<\/p>\n<p>W zwi\u0105zku z przetwarzaniem przez nas twoich danych osobowych przys\u0142uguj\u0105 ci nast\u0119puj\u0105ce prawa:<\/p>\n<ul>\n<li>W ka\u017cdej chwili mo\u017cesz wycofa\u0107 swoj\u0105 zgod\u0119 \u2013 bez podawania przyczyny. \u017b\u0105danie mo\u017ce dotyczy\u0107 wskazanego przez Ciebie celu przetwarzania np. wycofanie zgody na otrzymywanie informacji handlowych ale te\u017c mo\u017ce dotyczy\u0107 wszystkich cel\u00f3w przetwarzania. Wycofanie zgody nie wp\u0142ynie na dotychczas dokonane czynno\u015bci.<\/li>\n<li>W ka\u017cdej chwili mo\u017cesz \u017c\u0105da\u0107 aby\u015bmy usun\u0119li twoje dane \u2013 bez podawania przyczyny. \u017b\u0105danie usuni\u0119cia danych nie wp\u0142ynie na dotychczas dokonane czynno\u015bci. Usuni\u0119cie danych oznacza, \u017ce zostanie usuni\u0119te twoje konto u\u017cytkownika w Serwisie a twoje dane nie b\u0119d\u0105 przez nas przetwarzane.<\/li>\n<li>W ka\u017cdej chwili mo\u017cesz wyrazi\u0107 sprzeciw przeciwko przetwarzaniu twoich danych zar\u00f3wno w ca\u0142o\u015bci jak i we wskazanym przez ciebie celu. Sprzeciw nie wp\u0142ynie na ju\u017c dokonane czynno\u015bci.<\/li>\n<\/ul>\n<p>[\/vc_column_text][vc_column_text]<strong>Dane Osobowe<\/strong><br \/>\nW czasie korzystania ze strony Skowronphotography mo\u017cesz zosta\u0107 poproszony o podanie niekt\u00f3rych swoich danych osobowych poprzez wype\u0142nienie formularza lub w inny spos\u00f3b.<br \/>\nDane, o kt\u00f3re b\u0119dziesz proszony, to w wi\u0119kszo\u015bci przypadk\u00f3w imi\u0119, numer telefonu i adres e-mail.<br \/>\nWymagamy tylko tych danych, kt\u00f3re s\u0105 niezb\u0119dne do przygotowania ofert. Niepodanie wymaganych danych zablokuje czynno\u015b\u0107, kt\u00f3r\u0105 te dane dotyczy\u0142y.<br \/>\nTwoje dane osobowe przechowujemy przez okres 12 miesi\u0119cy od wys\u0142ania do nas zapytania. Usuni\u0119cie danych mo\u017ce nast\u0105pi\u0107 na Twoje \u017c\u0105danie ale r\u00f3wnie\u017c w przypadku wycofania przez Ciebie zgody na przetwarzanie Twoich danych, zg\u0142oszenia sprzeciwu co do przetwarzania Twoich danych osobowych b\u0105d\u017a za\u017c\u0105dania przez Ciebie ich usuni\u0119cia.<br \/>\nDane osobowe, poza celami wskazanymi w niniejszej Polityce Prywatno\u015bci, nie b\u0119d\u0105 w \u017caden spos\u00f3b udost\u0119pniane osobom trzecim, w tym w szczeg\u00f3lno\u015bci nie b\u0119d\u0105 przekazywane innym podmiotom, w celu przesy\u0142ania materia\u0142\u00f3w marketingowych os\u00f3b trzecich.\u00a0Dane osobowe nie s\u0105 przekazywane poza obszar Unii Europejskiej.[\/vc_column_text][vc_column_text]<strong>Cookies<\/strong><br \/>\nNiekt\u00f3re obszary serwis\u00f3w nale\u017c\u0105cych do Skowronphotography mog\u0105 wykorzystywa\u0107 cookies, czyli ma\u0142e pliki tekstowe wysy\u0142ane do komputera internauty identyfikuj\u0105ce go w spos\u00f3b potrzebny do uproszczenia lub umorzenia danej operacji. Cookies s\u0105 nieszkodliwe ani dla komputera ani dla jego u\u017cytkownika i jego danych.<br \/>\nInformacje zarejestrowane w plikach cookies s\u0105 u\u017cywane w celach statystycznych oraz w celu dostosowania naszej strony do Waszych indywidualnych potrzeb. Warunkiem dzia\u0142ania cookies jest ich akceptacja przez przegl\u0105dark\u0119 i nie usuwanie ich z dysku. Mo\u017cna te\u017c wy\u0142\u0105czy\u0107 ich dzia\u0142anie w ustawieniach przegl\u0105darki.[\/vc_column_text][vc_column_text]<strong>Plugin Facebooka<\/strong><br \/>\nNasza strona zawiera plugin do serwisu spo\u0142eczno\u015bciowego Facebook (Facebook Inc., 1601 Willow Road, Menlo Park, California, 94025, USA). Plugin ten bezpo\u015brednio po\u0142\u0105czy Was z naszym profilem na serwerze Facebooka. Facebook mo\u017ce w\u00f3wczas uzyska\u0107 informacje, \u017ce odwiedzali\u015bcie nasz\u0105 stron\u0119 ze swojego adresu IP. Je\u017celi odwiedzacie nasz\u0105 stron\u0119 b\u0119d\u0105c zalogowanymi na sw\u00f3j profil na Facebooku, Facebook zarejestruje informacj\u0119 o wizycie. Nawet je\u017celi nie jeste\u015bcie zalogowani Facebook jest w stanie pozyskiwa\u0107 informacje o adresie IP.<br \/>\nPragniemy podkre\u015bli\u0107, \u017ce Facebook nie przekazuje nam informacji o gromadzonych danych i sposobie ich wykorzystania. Cel i zakres danych gromadzonych przez Facebook nie s\u0105 nam znane. W celu uzyskania dodatkowych informacji dotycz\u0105cych prywatno\u015bci na portalu Facebook proponujemy kontakt bezpo\u015brednio z Facebookiem lub zapoznanie si\u0119 z polityk\u0105 prywatno\u015bci portalu pod adresem:\u00a0<a href=\"https:\/\/www.facebook.com\/about\/privacy\/\" target=\"_blank\" rel=\"noopener\">https:\/\/www.facebook.com\/about\/privacy\/<\/a><br \/>\nJe\u017celi nie \u017cyczycie sobie, aby Facebook m\u00f3g\u0142 pozyskiwa\u0107 informacje dotycz\u0105ce waszych wizyt na naszych stronach, doradzamy wcze\u015bniejsze wylogowanie si\u0119 z waszego konta na Facebooku.[\/vc_column_text][vc_column_text]<strong>Google Analitics<\/strong><br \/>\nNasze strony u\u017cywaj\u0105 mechanizm\u00f3w analizy us\u0142ug sieciowych Google Inc. (\u201dGoogle Inc., 1600 Amphitheatre Parkway, Mountain View, CA 94043, USA \u201c): Google Analytics. Google Analytics u\u017cywaj\u0105 plik\u00f3w cookies, kt\u00f3re umo\u017cliwiaj\u0105 analiz\u0119 sposobu korzystania ze stron internetowych. Informacje zbieranie przez pliki cookies s\u0105 przekazywane na serwery Google znajduj\u0105ce si\u0119 w USA i archiwizowane.<br \/>\nJe\u017celi funkcja anonimizacji adresu IP jest w\u0142\u0105czona podczas korzystania z naszej strony internetowej, adres IP U\u017cytkownika jest skracany przez Google. Dotyczy to pa\u0144stw cz\u0142onkowskich Unii Europejskiej i innych pa\u0144stw wymienionych w Umowie o Europejskim Obszarze Gospodarczym. Jedynie w wyj\u0105tkowych przypadkach pe\u0142en adres IP jest wysy\u0142any do serwera Google w USA i tam skracany. W ten spos\u00f3b funkcja anonimizacji adresu IP b\u0119dzie aktywna na naszej stronie internetowej. Na wniosek operatora strony internetowej, Google wykorzystuje gromadzone informacje do analizy korzystania przez strony internetowej, przygotowania raport\u00f3w dotycz\u0105cych korzystania ze strony internetowej i innych us\u0142ug zwi\u0105zanych z korzystaniem z Internetu. Adres IP przekazany przez przegl\u0105dark\u0119 U\u017cytkownika w ramach programu Google Analytics nie jest przechowywany wraz z innymi danymi Google.<\/p>\n<p>W przypadku pyta\u0144 prosimy o kontakt: kontakt@skowronphotography.pl[\/vc_column_text][\/vc_column][\/vc_row]<\/p>\n","protected":false},"excerpt":{"rendered":"<p>[vc_row][vc_column][vc_column_text] POLITYKA PRYWATNO\u015aCI I CIASTECZKA [\/vc_column_text][vc_column_text]Polityka Prywatno\u015bci Administratorem danych jest \u0141ukasz Skowron NIP 2220696950 Dane osobowe s\u0105 przetwarzane zgodnie z przepisami Rozporz\u0105dzenia Parlamentu Europejskiego i Rady (UE) 2016\/679 z dnia 27 kwietnia 2016 r. \u0141ukasz Skowron przetwarza dane osobowe odwiedzaj\u0105cych Serwis, w celu prawid\u0142owej komunikacji z klientem. Co oznacza, \u017ce dane te s\u0105 potrzebne do przygotowania spersonalizowanej oferty. Ochrona informacji dotycz\u0105cych U\u017cytkownik\u00f3w naszego Serwisu jest dla nas spraw\u0105 najwy\u017cszej wagi, w zwi\u0105zku z tym dok\u0142adamy najwy\u017cszych stara\u0144, aby\u015bcie czuli si\u0119 bezpiecznie powierzaj\u0105c nam swoje dane osobowe przy korzystaniu z naszej&#8230;<\/p>\n","protected":false},"author":1,"featured_media":0,"parent":0,"menu_order":0,"comment_status":"closed","ping_status":"closed","template":"","meta":[],"_links":{"self":[{"href":"http:\/\/www.skowronphotography.pl\/index.php?rest_route=\/wp\/v2\/pages\/3821"}],"collection":[{"href":"http:\/\/www.skowronphotography.pl\/index.php?rest_route=\/wp\/v2\/pages"}],"about":[{"href":"http:\/\/www.skowronphotography.pl\/index.php?rest_route=\/wp\/v2\/types\/page"}],"author":[{"embeddable":true,"href":"http:\/\/www.skowronphotography.pl\/index.php?rest_route=\/wp\/v2\/users\/1"}],"replies":[{"embeddable":true,"href":"http:\/\/www.skowronphotography.pl\/index.php?rest_route=%2Fwp%2Fv2%2Fcomments&post=3821"}],"version-history":[{"count":2,"href":"http:\/\/www.skowronphotography.pl\/index.php?rest_route=\/wp\/v2\/pages\/3821\/revisions"}],"predecessor-version":[{"id":3875,"href":"http:\/\/www.skowronphotography.pl\/index.php?rest_route=\/wp\/v2\/pages\/3821\/revisions\/3875"}],"wp:attachment":[{"href":"http:\/\/www.skowronphotography.pl\/index.php?rest_route=%2Fwp%2Fv2%2Fmedia&parent=3821"}],"curies":[{"name":"wp","href":"https:\/\/api.w.org\/{rel}","templated":true}]}}