{"id":1286,"date":"2016-06-09T08:36:57","date_gmt":"2016-06-09T08:36:57","guid":{"rendered":"http:\/\/moments.select-themes.com\/?page_id=1286"},"modified":"2020-08-04T14:17:25","modified_gmt":"2020-08-04T14:17:25","slug":"our-services","status":"publish","type":"page","link":"http:\/\/www.skowronphotography.pl\/?page_id=1286","title":{"rendered":"Oferta"},"content":{"rendered":"<p>[vc_row][vc_column][vc_empty_space][\/vc_column][\/vc_row][vc_row content_width=&#8221;grid&#8221; content_aligment=&#8221;center&#8221; css=&#8221;.vc_custom_1466089411243{padding-bottom: 96px !important;}&#8221;][vc_column offset=&#8221;vc_col-lg-3 vc_col-md-6&#8243;]<div class=\"qodef-info-box custom-icon qodef-contained\">\r\n    <div class=\"qodef-info-box-holder\" >\r\n        <div class=\"qodef-info-box-inner\">\r\n            <div class=\"qodef-info-box-icon\">\r\n                                    <div class=\"qodef-custom-icon\">\r\n                                            <\/div>\r\n                            <\/div>\r\n            <div class=\"qodef-info-box-title\">\r\n                <h6>Reporta\u017c \u015blubny<\/h6>\r\n            <\/div>\r\n            <div class=\"qodef-info-box-text\">\r\n                <p>W dniu \u015alubu mo\u017cemy Wam towarzyszy\u0107 od momentu przygotowa\u0144 a\u017c do oczepin. Wszystkie magiczne chwile tego dnia utrwalimy w kadrach.<\/p>\r\n            <\/div>\r\n                    <\/div>\r\n    <\/div>\r\n<\/div>[\/vc_column][vc_column offset=&#8221;vc_col-lg-3 vc_col-md-6&#8243;]<div class=\"qodef-info-box custom-icon qodef-contained\">\r\n    <div class=\"qodef-info-box-holder\" >\r\n        <div class=\"qodef-info-box-inner\">\r\n            <div class=\"qodef-info-box-icon\">\r\n                                    <div class=\"qodef-custom-icon\">\r\n                                            <\/div>\r\n                            <\/div>\r\n            <div class=\"qodef-info-box-title\">\r\n                <h6>Plener \u015blubny<\/h6>\r\n            <\/div>\r\n            <div class=\"qodef-info-box-text\">\r\n                <p>Na sesj\u0119 plenerow\u0105 umawiamy si\u0119 po \u015blubie. Pozwala to na wykonanie zdj\u0119\u0107 w przepi\u0119knych wn\u0119trzach czy na \u0142onie na tury.<\/p>\r\n            <\/div>\r\n                    <\/div>\r\n    <\/div>\r\n<\/div>[\/vc_column][vc_column offset=&#8221;vc_col-lg-3 vc_col-md-6&#8243;]<div class=\"qodef-info-box custom-icon qodef-contained\">\r\n    <div class=\"qodef-info-box-holder\" >\r\n        <div class=\"qodef-info-box-inner\">\r\n            <div class=\"qodef-info-box-icon\">\r\n                                    <div class=\"qodef-custom-icon\">\r\n                                            <\/div>\r\n                            <\/div>\r\n            <div class=\"qodef-info-box-title\">\r\n                <h6>Sesja Narzecze\u0144ska<\/h6>\r\n            <\/div>\r\n            <div class=\"qodef-info-box-text\">\r\n                <p>Sesja narzecze\u0144ska pozwoli Wam nabra\u0107 pewno\u015bci siebie przed obiektywem, oswoi\u0107 si\u0119 z obecno\u015bci\u0105 aparatu co pomaga w dniu \u015blubu.<\/p>\r\n            <\/div>\r\n                    <\/div>\r\n    <\/div>\r\n<\/div>[\/vc_column][vc_column offset=&#8221;vc_col-lg-3 vc_col-md-6&#8243;]<div class=\"qodef-info-box custom-icon qodef-contained\">\r\n    <div class=\"qodef-info-box-holder\" >\r\n        <div class=\"qodef-info-box-inner\">\r\n            <div class=\"qodef-info-box-icon\">\r\n                                    <div class=\"qodef-custom-icon\">\r\n                        <img width=\"800\" height=\"728\" src=\"http:\/\/www.skowronphotography.pl\/wp-content\/uploads\/2018\/10\/zdj\u0119cie-10.jpg\" class=\"attachment-full size-full\" alt=\"\" loading=\"lazy\" srcset=\"http:\/\/www.skowronphotography.pl\/wp-content\/uploads\/2018\/10\/zdj\u0119cie-10.jpg 800w, http:\/\/www.skowronphotography.pl\/wp-content\/uploads\/2018\/10\/zdj\u0119cie-10-300x273.jpg 300w, http:\/\/www.skowronphotography.pl\/wp-content\/uploads\/2018\/10\/zdj\u0119cie-10-768x699.jpg 768w\" sizes=\"(max-width: 800px) 100vw, 800px\" \/>                    <\/div>\r\n                            <\/div>\r\n            <div class=\"qodef-info-box-title\">\r\n                <h6>Wypo\u017cyczalnia polaroid<\/h6>\r\n            <\/div>\r\n            <div class=\"qodef-info-box-text\">\r\n                <p>Aparaty do fotografii natychmiastowej INSTAX mini 9 do dyspozycji go\u015bci na weselu. Mo\u017cna wykorzysta\u0107 je m.in. do ksi\u0119gi go\u015bci.<\/p>\r\n            <\/div>\r\n                    <\/div>\r\n    <\/div>\r\n<\/div>[\/vc_column][\/vc_row][vc_row content_width=&#8221;grid&#8221; content_aligment=&#8221;center&#8221; css=&#8221;.vc_custom_1466089411243{padding-bottom: 96px !important;}&#8221;][vc_column offset=&#8221;vc_col-lg-3 vc_col-md-6&#8243;][\/vc_column][vc_column offset=&#8221;vc_col-lg-3 vc_col-md-6&#8243;]<div class=\"qodef-info-box qodef-contained\">\r\n    <div class=\"qodef-info-box-holder\" >\r\n        <div class=\"qodef-info-box-inner\">\r\n            <div class=\"qodef-info-box-icon\">\r\n                                    <span class=\"qodef-icon\">\r\n                        \n    <span class=\"qodef-icon-shortcode circle \"  >\n        \n        <i class=\"qodef-icon-font-awesome fa fa-plane qodef-icon-element\" style=\"\" ><\/i>\n            <\/span>\n\n                    <\/span>\r\n                            <\/div>\r\n            <div class=\"qodef-info-box-title\">\r\n                <h6><\/h6>\r\n            <\/div>\r\n            <div class=\"qodef-info-box-text\">\r\n                <p>Marzysz o sesji plenerowej w odleg\u0142ym zak\u0105tku \u015bwiata? Napisz kiedy mamy si\u0119 pakowa\u0107.<\/p>\r\n            <\/div>\r\n                    <\/div>\r\n    <\/div>\r\n<\/div>[\/vc_column][vc_column offset=&#8221;vc_col-lg-3 vc_col-md-6&#8243;][\/vc_column][vc_column offset=&#8221;vc_col-lg-3 vc_col-md-6&#8243;][\/vc_column][\/vc_row][vc_row row_type=&#8221;parallax&#8221; content_width=&#8221;grid&#8221; content_aligment=&#8221;center&#8221; full_screen_section_height=&#8221;no&#8221; section_height=&#8221;215&#8243; parallax_background_image=&#8221;1306&#8243; css=&#8221;.vc_custom_1539601878827{padding-top: 6.4% !important;padding-bottom: 8.1% !important;background-color: #ffffff !important;}&#8221;][vc_column][vc_empty_space height=&#8221;7px&#8221;]\n<div class=\"qodef-custom-font-holder\" style=\"font-family: Poppins;font-size: 35px;line-height: 64px;font-weight: 500;color: #000000\" data-font-size= 35 data-line-height= 64>\n\tChcesz uzyska\u0107 wi\u0119cej informacji?<\/div>[vc_empty_space height=&#8221;7px&#8221;][vc_column_text]Je\u017celi interesuje Was pe\u0142na oferta dost\u0119pnych us\u0142ug, cen oraz informacje dotycz\u0105ce dost\u0119pno\u015bci Waszego terminu[\/vc_column_text][vc_empty_space]<a itemprop=\"url\" href=\"http:\/\/www.skowronphotography.pl\/?page_id=1295\" target=\"_self\"  class=\"qodef-btn qodef-btn-medium qodef-btn-outline\"  >\n    <span class=\"qodef-btn-text\">Skontaktuj si\u0119 z nami<\/span>\n    <i class=\"qodef-icon-ion-icon  \" ><\/i><\/a>[\/vc_column][\/vc_row]<\/p>\n","protected":false},"excerpt":{"rendered":"<p>[vc_row][vc_column][vc_empty_space][\/vc_column][\/vc_row][vc_row content_width=&#8221;grid&#8221; content_aligment=&#8221;center&#8221; css=&#8221;.vc_custom_1466089411243{padding-bottom: 96px !important;}&#8221;][vc_column offset=&#8221;vc_col-lg-3 vc_col-md-6&#8243;][\/vc_column][vc_column offset=&#8221;vc_col-lg-3 vc_col-md-6&#8243;][\/vc_column][vc_column offset=&#8221;vc_col-lg-3 vc_col-md-6&#8243;][\/vc_column][vc_column offset=&#8221;vc_col-lg-3 vc_col-md-6&#8243;][\/vc_column][\/vc_row][vc_row content_width=&#8221;grid&#8221; content_aligment=&#8221;center&#8221; css=&#8221;.vc_custom_1466089411243{padding-bottom: 96px !important;}&#8221;][vc_column offset=&#8221;vc_col-lg-3 vc_col-md-6&#8243;][\/vc_column][vc_column offset=&#8221;vc_col-lg-3 vc_col-md-6&#8243;][\/vc_column][vc_column offset=&#8221;vc_col-lg-3 vc_col-md-6&#8243;][\/vc_column][vc_column offset=&#8221;vc_col-lg-3 vc_col-md-6&#8243;][\/vc_column][\/vc_row][vc_row row_type=&#8221;parallax&#8221; content_width=&#8221;grid&#8221; content_aligment=&#8221;center&#8221; full_screen_section_height=&#8221;no&#8221; section_height=&#8221;215&#8243; parallax_background_image=&#8221;1306&#8243; css=&#8221;.vc_custom_1539601878827{padding-top: 6.4% !important;padding-bottom: 8.1% !important;background-color: #ffffff !important;}&#8221;][vc_column][vc_empty_space height=&#8221;7px&#8221;][vc_empty_space height=&#8221;7px&#8221;][vc_column_text]Je\u017celi interesuje Was pe\u0142na oferta dost\u0119pnych us\u0142ug, cen oraz informacje dotycz\u0105ce dost\u0119pno\u015bci Waszego terminu[\/vc_column_text][vc_empty_space][\/vc_column][\/vc_row]<\/p>\n","protected":false},"author":1,"featured_media":0,"parent":0,"menu_order":0,"comment_status":"closed","ping_status":"closed","template":"full-width.php","meta":[],"_links":{"self":[{"href":"http:\/\/www.skowronphotography.pl\/index.php?rest_route=\/wp\/v2\/pages\/1286"}],"collection":[{"href":"http:\/\/www.skowronphotography.pl\/index.php?rest_route=\/wp\/v2\/pages"}],"about":[{"href":"http:\/\/www.skowronphotography.pl\/index.php?rest_route=\/wp\/v2\/types\/page"}],"author":[{"embeddable":true,"href":"http:\/\/www.skowronphotography.pl\/index.php?rest_route=\/wp\/v2\/users\/1"}],"replies":[{"embeddable":true,"href":"http:\/\/www.skowronphotography.pl\/index.php?rest_route=%2Fwp%2Fv2%2Fcomments&post=1286"}],"version-history":[{"count":8,"href":"http:\/\/www.skowronphotography.pl\/index.php?rest_route=\/wp\/v2\/pages\/1286\/revisions"}],"predecessor-version":[{"id":4094,"href":"http:\/\/www.skowronphotography.pl\/index.php?rest_route=\/wp\/v2\/pages\/1286\/revisions\/4094"}],"wp:attachment":[{"href":"http:\/\/www.skowronphotography.pl\/index.php?rest_route=%2Fwp%2Fv2%2Fmedia&parent=1286"}],"curies":[{"name":"wp","href":"https:\/\/api.w.org\/{rel}","templated":true}]}}